{"id":92,"date":"2022-12-09T13:12:48","date_gmt":"2022-12-09T13:12:48","guid":{"rendered":"http:\/\/www.odvjetnica.pleskina.com\/?page_id=92"},"modified":"2022-12-09T13:12:48","modified_gmt":"2022-12-09T13:12:48","slug":"upravno-pravo","status":"publish","type":"page","link":"https:\/\/odvjetnica.pleskina.com\/?page_id=92","title":{"rendered":"Upravno pravo"},"content":{"rendered":"\n<ul class=\"wp-block-list\">\n<li>pribava isprava te zastupanje u upravnim i neupravnim postupcima pred nadle\u017enim tijelima (promjena imena, pitanja dr\u017eavljanstva, isho\u0111enje uvjerenja iz mati\u010dnih knjiga, postupak izvla\u0161tenja i povrata prava vlasni\u0161tva na nekretninama, postupak u vezi izdavanja urbanisti\u010dkih suglasnosti, lokacijskih, gra\u0111evinskih i uporabnih dozvola, i dr.)<\/li>\n\n\n\n<li>sastav upravnih tu\u017ebi te zastupanje u upravnim sporovima<\/li>\n<\/ul>\n","protected":false},"excerpt":{"rendered":"","protected":false},"author":2,"featured_media":0,"parent":0,"menu_order":0,"comment_status":"closed","ping_status":"closed","template":"","meta":{"site-sidebar-layout":"left-sidebar","site-content-layout":"default","ast-global-header-display":"","ast-main-header-display":"","ast-hfb-above-header-display":"","ast-hfb-below-header-display":"","ast-hfb-mobile-header-display":"","site-post-title":"","ast-breadcrumbs-content":"","ast-featured-img":"","footer-sml-layout":"","theme-transparent-header-meta":"","adv-header-id-meta":"","stick-header-meta":"","header-above-stick-meta":"","header-main-stick-meta":"","header-below-stick-meta":"","footnotes":""},"class_list":["post-92","page","type-page","status-publish","hentry"],"_links":{"self":[{"href":"https:\/\/odvjetnica.pleskina.com\/index.php?rest_route=\/wp\/v2\/pages\/92","targetHints":{"allow":["GET"]}}],"collection":[{"href":"https:\/\/odvjetnica.pleskina.com\/index.php?rest_route=\/wp\/v2\/pages"}],"about":[{"href":"https:\/\/odvjetnica.pleskina.com\/index.php?rest_route=\/wp\/v2\/types\/page"}],"author":[{"embeddable":true,"href":"https:\/\/odvjetnica.pleskina.com\/index.php?rest_route=\/wp\/v2\/users\/2"}],"replies":[{"embeddable":true,"href":"https:\/\/odvjetnica.pleskina.com\/index.php?rest_route=%2Fwp%2Fv2%2Fcomments&post=92"}],"version-history":[{"count":1,"href":"https:\/\/odvjetnica.pleskina.com\/index.php?rest_route=\/wp\/v2\/pages\/92\/revisions"}],"predecessor-version":[{"id":93,"href":"https:\/\/odvjetnica.pleskina.com\/index.php?rest_route=\/wp\/v2\/pages\/92\/revisions\/93"}],"wp:attachment":[{"href":"https:\/\/odvjetnica.pleskina.com\/index.php?rest_route=%2Fwp%2Fv2%2Fmedia&parent=92"}],"curies":[{"name":"wp","href":"https:\/\/api.w.org\/{rel}","templated":true}]}}