{"id":84,"date":"2022-12-09T13:11:09","date_gmt":"2022-12-09T13:11:09","guid":{"rendered":"http:\/\/www.odvjetnica.pleskina.com\/?page_id=84"},"modified":"2022-12-09T13:11:09","modified_gmt":"2022-12-09T13:11:09","slug":"stvarno-i-zemljisnoknjizno-pravo","status":"publish","type":"page","link":"https:\/\/odvjetnica.pleskina.com\/?page_id=84","title":{"rendered":"Stvarno i zemlji\u0161noknji\u017eno pravo"},"content":{"rendered":"\n<ul class=\"wp-block-list\">\n<li>zastupanje u imovinskopravnim sporovima i postupcima iz oblasti za\u0161tite, stjecanja, utvr\u0111enja, otu\u0111enja ili optere\u0107enja prava vlasni\u0161tva i drugih stvarnih prava na nekretninama, smetanja posjeda, razvrgnu\u0107a suvlasni\u010dke zajednice, ure\u0111enja me\u0111a i dr.<\/li>\n\n\n\n<li>izrada svih vrsta isprava potrebnih za ure\u0111enje vlasni\u010dkopravnih i drugih odnosa vezanih za nekretnine (ugovori o kupoprodaji ili darovanju nekretnina, me\u0111uvlasni\u010dki ugovori, ugovori o diobi, ugovori o osnivanju prava slu\u017enosti, ugovori o osnivanju prava zaloga i sl.)<\/li>\n\n\n\n<li>zastupanje u zemlji\u0161noknji\u017enim postupcima i drugim postupcima potrebnim radi za\u0161tite, stjecanja, otu\u0111enja ili optere\u0107enja prava vlasni\u0161tva i drugih stvarnih prava na nekretninama (uknji\u017eba prava vlasni\u0161tva i drugi upisi u zemlji\u0161ne knjige, provedba geodetskih elaborata radi uskla\u0111enja stanja nekretnina u zemlji\u0161nim knjigama sa stanjem u katastru, priprema dokumentacije i provedba upisa objekata, provedba postupaka eta\u017eiranja te svih ostalih pravnih radnji iz podru\u010dja zemlji\u0161noknji\u017enog prava i pravnih odnosa vezanih uz nekretnine)<\/li>\n<\/ul>\n","protected":false},"excerpt":{"rendered":"","protected":false},"author":2,"featured_media":0,"parent":0,"menu_order":0,"comment_status":"closed","ping_status":"closed","template":"","meta":{"site-sidebar-layout":"left-sidebar","site-content-layout":"default","ast-global-header-display":"","ast-main-header-display":"","ast-hfb-above-header-display":"","ast-hfb-below-header-display":"","ast-hfb-mobile-header-display":"","site-post-title":"","ast-breadcrumbs-content":"","ast-featured-img":"","footer-sml-layout":"","theme-transparent-header-meta":"","adv-header-id-meta":"","stick-header-meta":"","header-above-stick-meta":"","header-main-stick-meta":"","header-below-stick-meta":"","footnotes":""},"class_list":["post-84","page","type-page","status-publish","hentry"],"_links":{"self":[{"href":"https:\/\/odvjetnica.pleskina.com\/index.php?rest_route=\/wp\/v2\/pages\/84","targetHints":{"allow":["GET"]}}],"collection":[{"href":"https:\/\/odvjetnica.pleskina.com\/index.php?rest_route=\/wp\/v2\/pages"}],"about":[{"href":"https:\/\/odvjetnica.pleskina.com\/index.php?rest_route=\/wp\/v2\/types\/page"}],"author":[{"embeddable":true,"href":"https:\/\/odvjetnica.pleskina.com\/index.php?rest_route=\/wp\/v2\/users\/2"}],"replies":[{"embeddable":true,"href":"https:\/\/odvjetnica.pleskina.com\/index.php?rest_route=%2Fwp%2Fv2%2Fcomments&post=84"}],"version-history":[{"count":1,"href":"https:\/\/odvjetnica.pleskina.com\/index.php?rest_route=\/wp\/v2\/pages\/84\/revisions"}],"predecessor-version":[{"id":85,"href":"https:\/\/odvjetnica.pleskina.com\/index.php?rest_route=\/wp\/v2\/pages\/84\/revisions\/85"}],"wp:attachment":[{"href":"https:\/\/odvjetnica.pleskina.com\/index.php?rest_route=%2Fwp%2Fv2%2Fmedia&parent=84"}],"curies":[{"name":"wp","href":"https:\/\/api.w.org\/{rel}","templated":true}]}}