{"id":74,"date":"2022-12-09T12:46:46","date_gmt":"2022-12-09T12:46:46","guid":{"rendered":"http:\/\/www.odvjetnica.pleskina.com\/?page_id=74"},"modified":"2022-12-09T13:22:06","modified_gmt":"2022-12-09T13:22:06","slug":"pravo-drustava-i-trgovacko-pravo-2","status":"publish","type":"page","link":"https:\/\/odvjetnica.pleskina.com\/?page_id=74","title":{"rendered":"Pravo dru\u0161tava i trgova\u010dko pravo"},"content":{"rendered":"\n<ul class=\"wp-block-list\">\n<li>savjetovanje i priprema isprava potrebnih za osnivanje trgova\u010dkih dru\u0161tava i drugih pravnih osoba (ustanova) te zastupanje u postupcima upisa u sudske registre pri nadle\u017enim trgova\u010dkim sudovima<\/li>\n\n\n\n<li>savjetovanje u svezi s pravima \u010dlanova trgova\u010dkih dru\u0161tava te priprema dokumentacije potrebne za poslovanje dru\u0161tva (pravilnici, poslovnici, i dr.)<\/li>\n\n\n\n<li>savjetovanje i priprema isprava potrebnih za provedbu statusnih promjena trgova\u010dkih dru\u0161tava i drugih pravnih osoba, za pove\u0107anje ili smanjenje temeljnog kapitala, promjenu sjedi\u0161ta dru\u0161tva te ostale statusne promjene dru\u0161tva<\/li>\n\n\n\n<li>savjetovanje i sastav isprava o prijenosu poslovnih udjela dru\u0161tva<\/li>\n\n\n\n<li>zastupanje u sporovima u nadle\u017enosti trgova\u010dkih sudova<\/li>\n<\/ul>\n","protected":false},"excerpt":{"rendered":"","protected":false},"author":2,"featured_media":0,"parent":0,"menu_order":0,"comment_status":"closed","ping_status":"closed","template":"","meta":{"site-sidebar-layout":"left-sidebar","site-content-layout":"default","ast-global-header-display":"","ast-main-header-display":"","ast-hfb-above-header-display":"","ast-hfb-below-header-display":"","ast-hfb-mobile-header-display":"","site-post-title":"","ast-breadcrumbs-content":"","ast-featured-img":"","footer-sml-layout":"","theme-transparent-header-meta":"","adv-header-id-meta":"","stick-header-meta":"","header-above-stick-meta":"","header-main-stick-meta":"","header-below-stick-meta":"","footnotes":""},"class_list":["post-74","page","type-page","status-publish","hentry"],"_links":{"self":[{"href":"https:\/\/odvjetnica.pleskina.com\/index.php?rest_route=\/wp\/v2\/pages\/74","targetHints":{"allow":["GET"]}}],"collection":[{"href":"https:\/\/odvjetnica.pleskina.com\/index.php?rest_route=\/wp\/v2\/pages"}],"about":[{"href":"https:\/\/odvjetnica.pleskina.com\/index.php?rest_route=\/wp\/v2\/types\/page"}],"author":[{"embeddable":true,"href":"https:\/\/odvjetnica.pleskina.com\/index.php?rest_route=\/wp\/v2\/users\/2"}],"replies":[{"embeddable":true,"href":"https:\/\/odvjetnica.pleskina.com\/index.php?rest_route=%2Fwp%2Fv2%2Fcomments&post=74"}],"version-history":[{"count":1,"href":"https:\/\/odvjetnica.pleskina.com\/index.php?rest_route=\/wp\/v2\/pages\/74\/revisions"}],"predecessor-version":[{"id":75,"href":"https:\/\/odvjetnica.pleskina.com\/index.php?rest_route=\/wp\/v2\/pages\/74\/revisions\/75"}],"wp:attachment":[{"href":"https:\/\/odvjetnica.pleskina.com\/index.php?rest_route=%2Fwp%2Fv2%2Fmedia&parent=74"}],"curies":[{"name":"wp","href":"https:\/\/api.w.org\/{rel}","templated":true}]}}