{"id":36,"date":"2022-12-07T18:39:50","date_gmt":"2022-12-07T18:39:50","guid":{"rendered":"http:\/\/www.odvjetnica.pleskina.com\/?page_id=36"},"modified":"2022-12-12T10:00:50","modified_gmt":"2022-12-12T10:00:50","slug":"pocetna","status":"publish","type":"page","link":"http:\/\/odvjetnica.pleskina.com\/","title":{"rendered":"PO\u010cETNA"},"content":{"rendered":"\n\n\n\n\n<p><\/p>\n\n\n\n<div class=\"wp-block-columns is-layout-flex wp-container-core-columns-is-layout-28f84493 wp-block-columns-is-layout-flex\">\n<div class=\"wp-block-column is-layout-flow wp-block-column-is-layout-flow\">\n<p class=\"has-medium-font-size\"><strong>Odvjetni\u010dki ured Pleskina&nbsp;<\/strong>pru\u017ea strankama \u2013 fizi\u010dkim i pravnim osobama &#8211; odvjetni\u010dke usluge pravnog savjetovanja i zastupanja u podru\u010dju trgova\u010dkog prava i prava dru\u0161tava, gra\u0111anskog prava u \u0161irem smislu, kao i u podru\u010djima radnog, ovr\u0161nog, autorskog te upravnog prava i prava neprofitnih organizacija, i to kako na hrvatskom, tako i na engleskom jeziku.<\/p>\n\n\n\n<figure class=\"wp-block-image aligncenter size-large is-resized\"><img loading=\"lazy\" decoding=\"async\" src=\"http:\/\/www.odvjetnica.pleskina.com\/wp-content\/uploads\/2022\/12\/ornament-1024x291.png\" alt=\"\" class=\"wp-image-70\" width=\"169\" height=\"48\" srcset=\"https:\/\/odvjetnica.pleskina.com\/wp-content\/uploads\/2022\/12\/ornament-1024x291.png 1024w, https:\/\/odvjetnica.pleskina.com\/wp-content\/uploads\/2022\/12\/ornament-300x85.png 300w, https:\/\/odvjetnica.pleskina.com\/wp-content\/uploads\/2022\/12\/ornament-768x218.png 768w, https:\/\/odvjetnica.pleskina.com\/wp-content\/uploads\/2022\/12\/ornament.png 1415w\" sizes=\"auto, (max-width: 169px) 100vw, 169px\" \/><\/figure>\n<\/div>\n\n\n\n<div class=\"wp-block-column is-layout-flow wp-block-column-is-layout-flow\">\n<figure class=\"wp-block-image size-large\"><img decoding=\"async\" src=\"http:\/\/www.odvjetnica.pleskina.com\/wp-content\/uploads\/2022\/12\/3_www-1024x683-1.jpg\" alt=\"\" class=\"wp-image-66\"\/><\/figure>\n<\/div>\n<\/div>\n","protected":false},"excerpt":{"rendered":"<p>Odvjetni\u010dki ured Pleskina&nbsp;pru\u017ea strankama \u2013 fizi\u010dkim i pravnim osobama &#8211; odvjetni\u010dke usluge pravnog savjetovanja i zastupanja u podru\u010dju trgova\u010dkog prava i prava dru\u0161tava, gra\u0111anskog prava u \u0161irem smislu, kao i u podru\u010djima radnog, ovr\u0161nog, autorskog te upravnog prava i prava neprofitnih organizacija, i to kako na hrvatskom, tako i na engleskom jeziku.<\/p>\n","protected":false},"author":2,"featured_media":0,"parent":0,"menu_order":0,"comment_status":"closed","ping_status":"closed","template":"","meta":{"site-sidebar-layout":"default","site-content-layout":"default","ast-global-header-display":"","ast-main-header-display":"","ast-hfb-above-header-display":"","ast-hfb-below-header-display":"","ast-hfb-mobile-header-display":"","site-post-title":"disabled","ast-breadcrumbs-content":"","ast-featured-img":"","footer-sml-layout":"","theme-transparent-header-meta":"","adv-header-id-meta":"","stick-header-meta":"","header-above-stick-meta":"","header-main-stick-meta":"","header-below-stick-meta":"","footnotes":""},"class_list":["post-36","page","type-page","status-publish","hentry"],"_links":{"self":[{"href":"https:\/\/odvjetnica.pleskina.com\/index.php?rest_route=\/wp\/v2\/pages\/36","targetHints":{"allow":["GET"]}}],"collection":[{"href":"https:\/\/odvjetnica.pleskina.com\/index.php?rest_route=\/wp\/v2\/pages"}],"about":[{"href":"https:\/\/odvjetnica.pleskina.com\/index.php?rest_route=\/wp\/v2\/types\/page"}],"author":[{"embeddable":true,"href":"https:\/\/odvjetnica.pleskina.com\/index.php?rest_route=\/wp\/v2\/users\/2"}],"replies":[{"embeddable":true,"href":"https:\/\/odvjetnica.pleskina.com\/index.php?rest_route=%2Fwp%2Fv2%2Fcomments&post=36"}],"version-history":[{"count":12,"href":"https:\/\/odvjetnica.pleskina.com\/index.php?rest_route=\/wp\/v2\/pages\/36\/revisions"}],"predecessor-version":[{"id":213,"href":"https:\/\/odvjetnica.pleskina.com\/index.php?rest_route=\/wp\/v2\/pages\/36\/revisions\/213"}],"wp:attachment":[{"href":"https:\/\/odvjetnica.pleskina.com\/index.php?rest_route=%2Fwp%2Fv2%2Fmedia&parent=36"}],"curies":[{"name":"wp","href":"https:\/\/api.w.org\/{rel}","templated":true}]}}