{"id":100,"date":"2022-12-09T13:14:58","date_gmt":"2022-12-09T13:14:58","guid":{"rendered":"http:\/\/www.odvjetnica.pleskina.com\/?page_id=100"},"modified":"2022-12-09T13:14:59","modified_gmt":"2022-12-09T13:14:59","slug":"javna-nabava","status":"publish","type":"page","link":"https:\/\/odvjetnica.pleskina.com\/?page_id=100","title":{"rendered":"Javna nabava"},"content":{"rendered":"\n<ul class=\"wp-block-list\">\n<li>savjetovanje oko pravnih pitanja u podru\u010dju javne nabave kao i srodnim pravnim podru\u010djima (koncesije, javno-privatna partnerstva)<\/li>\n\n\n\n<li>izrada stru\u010dnih mi\u0161ljenja (ekspertiza) vezanih za pripremu i provedbu postupaka javne nabave kao i mi\u0161ljenja vezanih za srodna pravna podru\u010dja<\/li>\n\n\n\n<li>zastupanje stranaka u postupcima javne nabave kao i u postupcima iz srodnih pravnih podru\u010dja<\/li>\n<\/ul>\n","protected":false},"excerpt":{"rendered":"","protected":false},"author":2,"featured_media":0,"parent":0,"menu_order":0,"comment_status":"closed","ping_status":"closed","template":"","meta":{"site-sidebar-layout":"left-sidebar","site-content-layout":"default","ast-global-header-display":"","ast-main-header-display":"","ast-hfb-above-header-display":"","ast-hfb-below-header-display":"","ast-hfb-mobile-header-display":"","site-post-title":"","ast-breadcrumbs-content":"","ast-featured-img":"","footer-sml-layout":"","theme-transparent-header-meta":"","adv-header-id-meta":"","stick-header-meta":"","header-above-stick-meta":"","header-main-stick-meta":"","header-below-stick-meta":"","footnotes":""},"class_list":["post-100","page","type-page","status-publish","hentry"],"_links":{"self":[{"href":"https:\/\/odvjetnica.pleskina.com\/index.php?rest_route=\/wp\/v2\/pages\/100","targetHints":{"allow":["GET"]}}],"collection":[{"href":"https:\/\/odvjetnica.pleskina.com\/index.php?rest_route=\/wp\/v2\/pages"}],"about":[{"href":"https:\/\/odvjetnica.pleskina.com\/index.php?rest_route=\/wp\/v2\/types\/page"}],"author":[{"embeddable":true,"href":"https:\/\/odvjetnica.pleskina.com\/index.php?rest_route=\/wp\/v2\/users\/2"}],"replies":[{"embeddable":true,"href":"https:\/\/odvjetnica.pleskina.com\/index.php?rest_route=%2Fwp%2Fv2%2Fcomments&post=100"}],"version-history":[{"count":1,"href":"https:\/\/odvjetnica.pleskina.com\/index.php?rest_route=\/wp\/v2\/pages\/100\/revisions"}],"predecessor-version":[{"id":101,"href":"https:\/\/odvjetnica.pleskina.com\/index.php?rest_route=\/wp\/v2\/pages\/100\/revisions\/101"}],"wp:attachment":[{"href":"https:\/\/odvjetnica.pleskina.com\/index.php?rest_route=%2Fwp%2Fv2%2Fmedia&parent=100"}],"curies":[{"name":"wp","href":"https:\/\/api.w.org\/{rel}","templated":true}]}}